{"id":1163691,"date":"2026-04-21T21:07:30","date_gmt":"2026-04-21T21:07:30","guid":{"rendered":"https:\/\/alt-lifestyle.fr\/datenschutzerklaerung\/"},"modified":"2026-04-21T22:26:59","modified_gmt":"2026-04-21T22:26:59","slug":"datenschutzerklaerung","status":"publish","type":"page","link":"https:\/\/alt-lifestyle.fr\/de\/datenschutzerklaerung\/","title":{"rendered":"Datenschutzerkl\u00e4rung"},"content":{"rendered":"\t\t<div data-elementor-type=\"wp-page\" data-elementor-id=\"1163691\" class=\"elementor elementor-1163691 elementor-1163630\" data-elementor-post-type=\"page\">\n\t\t\t\t<div class=\"elementor-element elementor-element-ae96493 e-flex e-con-boxed e-con e-parent\" data-id=\"ae96493\" data-element_type=\"container\" data-e-type=\"container\">\n\t\t\t\t\t<div class=\"e-con-inner\">\n\t\t\t\t<div class=\"elementor-element elementor-element-cb86f68 animated-slow elementor-invisible elementor-widget elementor-widget-heading\" data-id=\"cb86f68\" data-element_type=\"widget\" data-e-type=\"widget\" data-settings=\"{&quot;_animation&quot;:&quot;fadeInUp&quot;}\" data-widget_type=\"heading.default\">\n\t\t\t\t\t<h1 class=\"elementor-heading-title elementor-size-default\">Datenschutzerkl\u00e4rung<\/h1>\t\t\t\t<\/div>\n\t\t\t\t<div class=\"elementor-element elementor-element-f0d1421 animated-slow elementor-invisible elementor-widget elementor-widget-toggle\" data-id=\"f0d1421\" data-element_type=\"widget\" data-e-type=\"widget\" data-settings=\"{&quot;_animation&quot;:&quot;fadeInUp&quot;}\" data-widget_type=\"toggle.default\">\n\t\t\t\t\t\t\t<div class=\"elementor-toggle\">\n\t\t\t\t\t\t\t<div class=\"elementor-toggle-item\">\n\t\t\t\t\t<div id=\"elementor-tab-title-2521\" class=\"elementor-tab-title\" data-tab=\"1\" role=\"button\" aria-controls=\"elementor-tab-content-2521\" aria-expanded=\"false\">\n\t\t\t\t\t\t\t\t\t\t\t\t<span class=\"elementor-toggle-icon elementor-toggle-icon-right\" aria-hidden=\"true\">\n\t\t\t\t\t\t\t\t\t\t\t\t\t\t\t<span class=\"elementor-toggle-icon-closed\"><svg class=\"e-font-icon-svg e-fas-caret-down\" viewBox=\"0 0 320 512\" xmlns=\"http:\/\/www.w3.org\/2000\/svg\"><path d=\"M31.3 192h257.3c17.8 0 26.7 21.5 14.1 34.1L174.1 354.8c-7.8 7.8-20.5 7.8-28.3 0L17.2 226.1C4.6 213.5 13.5 192 31.3 192z\"><\/path><\/svg><\/span>\n\t\t\t\t\t\t\t\t<span class=\"elementor-toggle-icon-opened\"><svg class=\"elementor-toggle-icon-opened e-font-icon-svg e-fas-caret-up\" viewBox=\"0 0 320 512\" xmlns=\"http:\/\/www.w3.org\/2000\/svg\"><path d=\"M288.662 352H31.338c-17.818 0-26.741-21.543-14.142-34.142l128.662-128.662c7.81-7.81 20.474-7.81 28.284 0l128.662 128.662c12.6 12.599 3.676 34.142-14.142 34.142z\"><\/path><\/svg><\/span>\n\t\t\t\t\t\t\t\t\t\t\t\t\t<\/span>\n\t\t\t\t\t\t\t\t\t\t\t\t<a class=\"elementor-toggle-title\" tabindex=\"0\">Datenschutzerkl\u00e4rung<\/a>\n\t\t\t\t\t<\/div>\n\n\t\t\t\t\t<div id=\"elementor-tab-content-2521\" class=\"elementor-tab-content elementor-clearfix\" data-tab=\"1\" role=\"region\" aria-labelledby=\"elementor-tab-title-2521\"><p>Diese Datenschutzerkl\u00e4rung beschreibt die Richtlinien von Alternativa Lifestyle Ltd. mit Sitz in S3, R\u00e9sidence Pierre Bleue 90506, Flic En Flac, Ile Maurice bez\u00fcglich der Erfassung, Verwendung und Offenlegung Ihrer Daten, die wir bei der Nutzung unserer Website (https:\/\/alt-lifestyle.fr) erfassen. (der &#8222;Dienst&#8220;). Indem Sie auf den Service zugreifen oder ihn nutzen, erkl\u00e4ren Sie sich mit der Erfassung, Verwendung und Weitergabe Ihrer Daten in \u00dcbereinstimmung mit dieser Datenschutzerkl\u00e4rung einverstanden. Wenn Sie damit nicht einverstanden sind, verzichten Sie bitte auf den Zugriff auf den Service oder dessen Nutzung.  <\/p>\n<p><\/p>\n<p>Wir k\u00f6nnen diese Datenschutzrichtlinie jederzeit ohne vorherige Ank\u00fcndigung \u00e4ndern und werden die \u00fcberarbeitete Datenschutzrichtlinie auf dem Service ver\u00f6ffentlichen. Die \u00fcberarbeitete Richtlinie tritt 180 Tage nach ihrer Ver\u00f6ffentlichung auf dem Dienst in Kraft. Wenn Sie nach diesem Datum weiterhin auf den Dienst zugreifen oder ihn nutzen, erkl\u00e4ren Sie sich mit der \u00fcberarbeiteten Datenschutzrichtlinie einverstanden. Wir empfehlen Ihnen daher, diese Seite regelm\u00e4\u00dfig zu \u00fcberpr\u00fcfen.  <\/p>\n<\/div>\n\t\t\t\t<\/div>\n\t\t\t\t\t\t\t<div class=\"elementor-toggle-item\">\n\t\t\t\t\t<div id=\"elementor-tab-title-2522\" class=\"elementor-tab-title\" data-tab=\"2\" role=\"button\" aria-controls=\"elementor-tab-content-2522\" aria-expanded=\"false\">\n\t\t\t\t\t\t\t\t\t\t\t\t<span class=\"elementor-toggle-icon elementor-toggle-icon-right\" aria-hidden=\"true\">\n\t\t\t\t\t\t\t\t\t\t\t\t\t\t\t<span class=\"elementor-toggle-icon-closed\"><svg class=\"e-font-icon-svg e-fas-caret-down\" viewBox=\"0 0 320 512\" xmlns=\"http:\/\/www.w3.org\/2000\/svg\"><path d=\"M31.3 192h257.3c17.8 0 26.7 21.5 14.1 34.1L174.1 354.8c-7.8 7.8-20.5 7.8-28.3 0L17.2 226.1C4.6 213.5 13.5 192 31.3 192z\"><\/path><\/svg><\/span>\n\t\t\t\t\t\t\t\t<span class=\"elementor-toggle-icon-opened\"><svg class=\"elementor-toggle-icon-opened e-font-icon-svg e-fas-caret-up\" viewBox=\"0 0 320 512\" xmlns=\"http:\/\/www.w3.org\/2000\/svg\"><path d=\"M288.662 352H31.338c-17.818 0-26.741-21.543-14.142-34.142l128.662-128.662c7.81-7.81 20.474-7.81 28.284 0l128.662 128.662c12.6 12.599 3.676 34.142-14.142 34.142z\"><\/path><\/svg><\/span>\n\t\t\t\t\t\t\t\t\t\t\t\t\t<\/span>\n\t\t\t\t\t\t\t\t\t\t\t\t<a class=\"elementor-toggle-title\" tabindex=\"0\">Gesammelte Informationen<\/a>\n\t\t\t\t\t<\/div>\n\n\t\t\t\t\t<div id=\"elementor-tab-content-2522\" class=\"elementor-tab-content elementor-clearfix\" data-tab=\"2\" role=\"region\" aria-labelledby=\"elementor-tab-title-2522\"><p>Wir werden die folgenden pers\u00f6nlichen Informationen \u00fcber Sie sammeln und verarbeiten:<\/p>\n<p><\/p>\n<ul>\n<li>Name<\/li>\n<li>E-Mail<\/li>\n<li>Mobiltelefon<\/li>\n<\/ul>\n<\/div>\n\t\t\t\t<\/div>\n\t\t\t\t\t\t\t<div class=\"elementor-toggle-item\">\n\t\t\t\t\t<div id=\"elementor-tab-title-2523\" class=\"elementor-tab-title\" data-tab=\"3\" role=\"button\" aria-controls=\"elementor-tab-content-2523\" aria-expanded=\"false\">\n\t\t\t\t\t\t\t\t\t\t\t\t<span class=\"elementor-toggle-icon elementor-toggle-icon-right\" aria-hidden=\"true\">\n\t\t\t\t\t\t\t\t\t\t\t\t\t\t\t<span class=\"elementor-toggle-icon-closed\"><svg class=\"e-font-icon-svg e-fas-caret-down\" viewBox=\"0 0 320 512\" xmlns=\"http:\/\/www.w3.org\/2000\/svg\"><path d=\"M31.3 192h257.3c17.8 0 26.7 21.5 14.1 34.1L174.1 354.8c-7.8 7.8-20.5 7.8-28.3 0L17.2 226.1C4.6 213.5 13.5 192 31.3 192z\"><\/path><\/svg><\/span>\n\t\t\t\t\t\t\t\t<span class=\"elementor-toggle-icon-opened\"><svg class=\"elementor-toggle-icon-opened e-font-icon-svg e-fas-caret-up\" viewBox=\"0 0 320 512\" xmlns=\"http:\/\/www.w3.org\/2000\/svg\"><path d=\"M288.662 352H31.338c-17.818 0-26.741-21.543-14.142-34.142l128.662-128.662c7.81-7.81 20.474-7.81 28.284 0l128.662 128.662c12.6 12.599 3.676 34.142-14.142 34.142z\"><\/path><\/svg><\/span>\n\t\t\t\t\t\t\t\t\t\t\t\t\t<\/span>\n\t\t\t\t\t\t\t\t\t\t\t\t<a class=\"elementor-toggle-title\" tabindex=\"0\">Wie wir Ihre Informationen verwenden<\/a>\n\t\t\t\t\t<\/div>\n\n\t\t\t\t\t<div id=\"elementor-tab-content-2523\" class=\"elementor-tab-content elementor-clearfix\" data-tab=\"3\" role=\"region\" aria-labelledby=\"elementor-tab-title-2523\"><p>Wir werden die Informationen, die wir \u00fcber Sie sammeln, f\u00fcr die folgenden Zwecke verwenden:<\/p>\n<p><\/p>\n<ul>\n<li>Marketing\/ Werbung<\/li>\n<li>Gezielte Werbung<\/li>\n<li><\/li>\n<\/ul>\n<p>Wenn wir Ihre Daten f\u00fcr andere Zwecke verwenden m\u00f6chten, werden wir Sie um Ihre Zustimmung bitten und Ihre Daten nur nach Erhalt Ihrer Zustimmung und in solchen F\u00e4llen nur f\u00fcr die Zwecke verwenden, f\u00fcr die Sie Ihre Zustimmung gegeben haben, es sei denn, wir sind gesetzlich zu etwas anderem verpflichtet.<\/p>\n<\/div>\n\t\t\t\t<\/div>\n\t\t\t\t\t\t\t<div class=\"elementor-toggle-item\">\n\t\t\t\t\t<div id=\"elementor-tab-title-2524\" class=\"elementor-tab-title\" data-tab=\"4\" role=\"button\" aria-controls=\"elementor-tab-content-2524\" aria-expanded=\"false\">\n\t\t\t\t\t\t\t\t\t\t\t\t<span class=\"elementor-toggle-icon elementor-toggle-icon-right\" aria-hidden=\"true\">\n\t\t\t\t\t\t\t\t\t\t\t\t\t\t\t<span class=\"elementor-toggle-icon-closed\"><svg class=\"e-font-icon-svg e-fas-caret-down\" viewBox=\"0 0 320 512\" xmlns=\"http:\/\/www.w3.org\/2000\/svg\"><path d=\"M31.3 192h257.3c17.8 0 26.7 21.5 14.1 34.1L174.1 354.8c-7.8 7.8-20.5 7.8-28.3 0L17.2 226.1C4.6 213.5 13.5 192 31.3 192z\"><\/path><\/svg><\/span>\n\t\t\t\t\t\t\t\t<span class=\"elementor-toggle-icon-opened\"><svg class=\"elementor-toggle-icon-opened e-font-icon-svg e-fas-caret-up\" viewBox=\"0 0 320 512\" xmlns=\"http:\/\/www.w3.org\/2000\/svg\"><path d=\"M288.662 352H31.338c-17.818 0-26.741-21.543-14.142-34.142l128.662-128.662c7.81-7.81 20.474-7.81 28.284 0l128.662 128.662c12.6 12.599 3.676 34.142-14.142 34.142z\"><\/path><\/svg><\/span>\n\t\t\t\t\t\t\t\t\t\t\t\t\t<\/span>\n\t\t\t\t\t\t\t\t\t\t\t\t<a class=\"elementor-toggle-title\" tabindex=\"0\">Wie wir Ihre Informationen weitergeben<\/a>\n\t\t\t\t\t<\/div>\n\n\t\t\t\t\t<div id=\"elementor-tab-content-2524\" class=\"elementor-tab-content elementor-clearfix\" data-tab=\"4\" role=\"region\" aria-labelledby=\"elementor-tab-title-2524\"><p>Wir werden Ihre pers\u00f6nlichen Daten nicht ohne Ihre Zustimmung an Dritte weitergeben, au\u00dfer unter den unten beschriebenen begrenzten Umst\u00e4nden:<\/p>\n<p><\/p>\n<ul>\n<li>Abteilung Werbung<\/li>\n<li>Marketing-Agenturen<\/li>\n<li>Analyse<\/li>\n<li>Datenerfassung und -verarbeitung\n<\/li>\n<\/ul>\n<ul>\n<li>Wir verlangen von diesen Dritten, dass sie die pers\u00f6nlichen Daten, die wir ihnen \u00fcbermitteln, nur f\u00fcr die Zwecke verwenden, f\u00fcr die sie \u00fcbermittelt wurden, und sie nicht l\u00e4nger aufbewahren, als es f\u00fcr die Erf\u00fcllung dieser Zwecke erforderlich ist.\n<\/li>\n<\/ul>\n<p>Wir k\u00f6nnen Ihre pers\u00f6nlichen Daten auch aus den folgenden Gr\u00fcnden weitergeben:  <\/p>\n<p>(1) um geltendem Recht, Vorschriften, Gerichtsbeschl\u00fcssen oder anderen rechtlichen Verfahren nachzukommen;<br \/>(2) um Vereinbarungen durchzusetzen, die Sie mit uns getroffen haben, einschlie\u00dflich dieser Datenschutzrichtlinie; oder <br \/>(3) um auf Beschwerden zu reagieren, dass Ihre Nutzung des Dienstes die Rechte eines Dritten verletzt. Wenn der Dienst oder unser Unternehmen mit einem anderen Unternehmen fusioniert oder von diesem \u00fcbernommen wird, geh\u00f6ren Ihre Daten zu den Verm\u00f6genswerten, die an den neuen Eigent\u00fcmer \u00fcbertragen werden. <\/p>\n<\/div>\n\t\t\t\t<\/div>\n\t\t\t\t\t\t\t<div class=\"elementor-toggle-item\">\n\t\t\t\t\t<div id=\"elementor-tab-title-2525\" class=\"elementor-tab-title\" data-tab=\"5\" role=\"button\" aria-controls=\"elementor-tab-content-2525\" aria-expanded=\"false\">\n\t\t\t\t\t\t\t\t\t\t\t\t<span class=\"elementor-toggle-icon elementor-toggle-icon-right\" aria-hidden=\"true\">\n\t\t\t\t\t\t\t\t\t\t\t\t\t\t\t<span class=\"elementor-toggle-icon-closed\"><svg class=\"e-font-icon-svg e-fas-caret-down\" viewBox=\"0 0 320 512\" xmlns=\"http:\/\/www.w3.org\/2000\/svg\"><path d=\"M31.3 192h257.3c17.8 0 26.7 21.5 14.1 34.1L174.1 354.8c-7.8 7.8-20.5 7.8-28.3 0L17.2 226.1C4.6 213.5 13.5 192 31.3 192z\"><\/path><\/svg><\/span>\n\t\t\t\t\t\t\t\t<span class=\"elementor-toggle-icon-opened\"><svg class=\"elementor-toggle-icon-opened e-font-icon-svg e-fas-caret-up\" viewBox=\"0 0 320 512\" xmlns=\"http:\/\/www.w3.org\/2000\/svg\"><path d=\"M288.662 352H31.338c-17.818 0-26.741-21.543-14.142-34.142l128.662-128.662c7.81-7.81 20.474-7.81 28.284 0l128.662 128.662c12.6 12.599 3.676 34.142-14.142 34.142z\"><\/path><\/svg><\/span>\n\t\t\t\t\t\t\t\t\t\t\t\t\t<\/span>\n\t\t\t\t\t\t\t\t\t\t\t\t<a class=\"elementor-toggle-title\" tabindex=\"0\">Aufbewahrung von Informationen<\/a>\n\t\t\t\t\t<\/div>\n\n\t\t\t\t\t<div id=\"elementor-tab-content-2525\" class=\"elementor-tab-content elementor-clearfix\" data-tab=\"5\" role=\"region\" aria-labelledby=\"elementor-tab-title-2525\"><p>Wir bewahren Ihre pers\u00f6nlichen Daten f\u00fcr 90 Tage bis 2 Jahre auf, nachdem der Nutzer sein Konto gek\u00fcndigt hat, oder so lange, wie wir sie ben\u00f6tigen, um die Zwecke zu erf\u00fcllen, f\u00fcr die sie gesammelt wurden, wie in dieser Datenschutzrichtlinie beschrieben. Es kann sein, dass wir bestimmte Informationen f\u00fcr l\u00e4ngere Zeitr\u00e4ume aufbewahren m\u00fcssen, z.B. f\u00fcr die Aufbewahrung von Aufzeichnungen oder Berichten in \u00dcbereinstimmung mit der geltenden Gesetzgebung oder aus anderen legitimen Gr\u00fcnden, wie z.B. zur Durchsetzung gesetzlicher Rechte, zur Verhinderung von Betrug usw. Anonyme Restdaten und aggregierte Daten, die nicht dazu verwendet werden k\u00f6nnen, Sie (direkt oder indirekt) zu identifizieren, k\u00f6nnen auf unbestimmte Zeit gespeichert werden.  <\/p>\n<\/div>\n\t\t\t\t<\/div>\n\t\t\t\t\t\t\t<div class=\"elementor-toggle-item\">\n\t\t\t\t\t<div id=\"elementor-tab-title-2526\" class=\"elementor-tab-title\" data-tab=\"6\" role=\"button\" aria-controls=\"elementor-tab-content-2526\" aria-expanded=\"false\">\n\t\t\t\t\t\t\t\t\t\t\t\t<span class=\"elementor-toggle-icon elementor-toggle-icon-right\" aria-hidden=\"true\">\n\t\t\t\t\t\t\t\t\t\t\t\t\t\t\t<span class=\"elementor-toggle-icon-closed\"><svg class=\"e-font-icon-svg e-fas-caret-down\" viewBox=\"0 0 320 512\" xmlns=\"http:\/\/www.w3.org\/2000\/svg\"><path d=\"M31.3 192h257.3c17.8 0 26.7 21.5 14.1 34.1L174.1 354.8c-7.8 7.8-20.5 7.8-28.3 0L17.2 226.1C4.6 213.5 13.5 192 31.3 192z\"><\/path><\/svg><\/span>\n\t\t\t\t\t\t\t\t<span class=\"elementor-toggle-icon-opened\"><svg class=\"elementor-toggle-icon-opened e-font-icon-svg e-fas-caret-up\" viewBox=\"0 0 320 512\" xmlns=\"http:\/\/www.w3.org\/2000\/svg\"><path d=\"M288.662 352H31.338c-17.818 0-26.741-21.543-14.142-34.142l128.662-128.662c7.81-7.81 20.474-7.81 28.284 0l128.662 128.662c12.6 12.599 3.676 34.142-14.142 34.142z\"><\/path><\/svg><\/span>\n\t\t\t\t\t\t\t\t\t\t\t\t\t<\/span>\n\t\t\t\t\t\t\t\t\t\t\t\t<a class=\"elementor-toggle-title\" tabindex=\"0\">Ihre Rechte<\/a>\n\t\t\t\t\t<\/div>\n\n\t\t\t\t\t<div id=\"elementor-tab-content-2526\" class=\"elementor-tab-content elementor-clearfix\" data-tab=\"6\" role=\"region\" aria-labelledby=\"elementor-tab-title-2526\"><p>Je nach geltender Gesetzgebung haben Sie das Recht, auf Ihre personenbezogenen Daten zuzugreifen und sie zu berichtigen oder zu l\u00f6schen oder eine Kopie Ihrer personenbezogenen Daten zu erhalten, die aktive Verarbeitung Ihrer Daten einzuschr\u00e4nken oder ihr zu widersprechen, uns zu bitten, Ihre personenbezogenen Daten an eine andere Stelle weiterzugeben (zu portieren), eine von Ihnen erteilte Zustimmung zur Verarbeitung Ihrer Daten zu widerrufen, das Recht, eine Beschwerde bei einer gesetzlichen Beh\u00f6rde einzureichen, sowie alle anderen relevanten Rechte nach geltendem Recht. Um diese Rechte auszu\u00fcben, k\u00f6nnen Sie uns \u00fcber unser Kontaktformular anschreiben. Wir werden Ihre Anfrage in \u00dcbereinstimmung mit der geltenden Gesetzgebung beantworten.  <\/p>\n<p>Bitte beachten Sie, dass Sie m\u00f6glicherweise nicht in der Lage sind, auf die Dienste zuzugreifen oder diese zu nutzen, f\u00fcr die Ihre Daten angefordert wurden, wenn Sie uns nicht die Erlaubnis erteilen, die erforderlichen personenbezogenen Daten zu sammeln oder zu verarbeiten, oder wenn Sie Ihre Zustimmung zur Verarbeitung dieser Daten f\u00fcr die erforderlichen Zwecke zur\u00fcckziehen.<\/p>\n<\/div>\n\t\t\t\t<\/div>\n\t\t\t\t\t\t\t<div class=\"elementor-toggle-item\">\n\t\t\t\t\t<div id=\"elementor-tab-title-2527\" class=\"elementor-tab-title\" data-tab=\"7\" role=\"button\" aria-controls=\"elementor-tab-content-2527\" aria-expanded=\"false\">\n\t\t\t\t\t\t\t\t\t\t\t\t<span class=\"elementor-toggle-icon elementor-toggle-icon-right\" aria-hidden=\"true\">\n\t\t\t\t\t\t\t\t\t\t\t\t\t\t\t<span class=\"elementor-toggle-icon-closed\"><svg class=\"e-font-icon-svg e-fas-caret-down\" viewBox=\"0 0 320 512\" xmlns=\"http:\/\/www.w3.org\/2000\/svg\"><path d=\"M31.3 192h257.3c17.8 0 26.7 21.5 14.1 34.1L174.1 354.8c-7.8 7.8-20.5 7.8-28.3 0L17.2 226.1C4.6 213.5 13.5 192 31.3 192z\"><\/path><\/svg><\/span>\n\t\t\t\t\t\t\t\t<span class=\"elementor-toggle-icon-opened\"><svg class=\"elementor-toggle-icon-opened e-font-icon-svg e-fas-caret-up\" viewBox=\"0 0 320 512\" xmlns=\"http:\/\/www.w3.org\/2000\/svg\"><path d=\"M288.662 352H31.338c-17.818 0-26.741-21.543-14.142-34.142l128.662-128.662c7.81-7.81 20.474-7.81 28.284 0l128.662 128.662c12.6 12.599 3.676 34.142-14.142 34.142z\"><\/path><\/svg><\/span>\n\t\t\t\t\t\t\t\t\t\t\t\t\t<\/span>\n\t\t\t\t\t\t\t\t\t\t\t\t<a class=\"elementor-toggle-title\" tabindex=\"0\">Cookies, etc.<\/a>\n\t\t\t\t\t<\/div>\n\n\t\t\t\t\t<div id=\"elementor-tab-content-2527\" class=\"elementor-tab-content elementor-clearfix\" data-tab=\"7\" role=\"region\" aria-labelledby=\"elementor-tab-title-2527\"><p>Weitere Informationen dar\u00fcber, wie wir diese Technologien verwenden und welche Wahlm\u00f6glichkeiten Sie in Bezug auf diese Tracking-Technologien haben, finden Sie in unserer Cookie-Richtlinie.<\/p>\n<\/div>\n\t\t\t\t<\/div>\n\t\t\t\t\t\t\t<div class=\"elementor-toggle-item\">\n\t\t\t\t\t<div id=\"elementor-tab-title-2528\" class=\"elementor-tab-title\" data-tab=\"8\" role=\"button\" aria-controls=\"elementor-tab-content-2528\" aria-expanded=\"false\">\n\t\t\t\t\t\t\t\t\t\t\t\t<span class=\"elementor-toggle-icon elementor-toggle-icon-right\" aria-hidden=\"true\">\n\t\t\t\t\t\t\t\t\t\t\t\t\t\t\t<span class=\"elementor-toggle-icon-closed\"><svg class=\"e-font-icon-svg e-fas-caret-down\" viewBox=\"0 0 320 512\" xmlns=\"http:\/\/www.w3.org\/2000\/svg\"><path d=\"M31.3 192h257.3c17.8 0 26.7 21.5 14.1 34.1L174.1 354.8c-7.8 7.8-20.5 7.8-28.3 0L17.2 226.1C4.6 213.5 13.5 192 31.3 192z\"><\/path><\/svg><\/span>\n\t\t\t\t\t\t\t\t<span class=\"elementor-toggle-icon-opened\"><svg class=\"elementor-toggle-icon-opened e-font-icon-svg e-fas-caret-up\" viewBox=\"0 0 320 512\" xmlns=\"http:\/\/www.w3.org\/2000\/svg\"><path d=\"M288.662 352H31.338c-17.818 0-26.741-21.543-14.142-34.142l128.662-128.662c7.81-7.81 20.474-7.81 28.284 0l128.662 128.662c12.6 12.599 3.676 34.142-14.142 34.142z\"><\/path><\/svg><\/span>\n\t\t\t\t\t\t\t\t\t\t\t\t\t<\/span>\n\t\t\t\t\t\t\t\t\t\t\t\t<a class=\"elementor-toggle-title\" tabindex=\"0\">Sicherheit<\/a>\n\t\t\t\t\t<\/div>\n\n\t\t\t\t\t<div id=\"elementor-tab-content-2528\" class=\"elementor-tab-content elementor-clearfix\" data-tab=\"8\" role=\"region\" aria-labelledby=\"elementor-tab-title-2528\"><p>Die Sicherheit Ihrer Daten ist uns wichtig, und wir werden angemessene Sicherheitsma\u00dfnahmen ergreifen, um den Verlust, den Missbrauch oder die unbefugte \u00c4nderung Ihrer Daten unter unserer Kontrolle zu verhindern. Angesichts der inh\u00e4renten Risiken k\u00f6nnen wir jedoch keine absolute Sicherheit garantieren. Folglich k\u00f6nnen wir die Sicherheit der Informationen, die Sie uns \u00fcbermitteln, nicht gew\u00e4hrleisten oder garantieren, und Sie tun dies auf eigenes Risiko. <\/p>\n<\/div>\n\t\t\t\t<\/div>\n\t\t\t\t\t\t\t<div class=\"elementor-toggle-item\">\n\t\t\t\t\t<div id=\"elementor-tab-title-2529\" class=\"elementor-tab-title\" data-tab=\"9\" role=\"button\" aria-controls=\"elementor-tab-content-2529\" aria-expanded=\"false\">\n\t\t\t\t\t\t\t\t\t\t\t\t<span class=\"elementor-toggle-icon elementor-toggle-icon-right\" aria-hidden=\"true\">\n\t\t\t\t\t\t\t\t\t\t\t\t\t\t\t<span class=\"elementor-toggle-icon-closed\"><svg class=\"e-font-icon-svg e-fas-caret-down\" viewBox=\"0 0 320 512\" xmlns=\"http:\/\/www.w3.org\/2000\/svg\"><path d=\"M31.3 192h257.3c17.8 0 26.7 21.5 14.1 34.1L174.1 354.8c-7.8 7.8-20.5 7.8-28.3 0L17.2 226.1C4.6 213.5 13.5 192 31.3 192z\"><\/path><\/svg><\/span>\n\t\t\t\t\t\t\t\t<span class=\"elementor-toggle-icon-opened\"><svg class=\"elementor-toggle-icon-opened e-font-icon-svg e-fas-caret-up\" viewBox=\"0 0 320 512\" xmlns=\"http:\/\/www.w3.org\/2000\/svg\"><path d=\"M288.662 352H31.338c-17.818 0-26.741-21.543-14.142-34.142l128.662-128.662c7.81-7.81 20.474-7.81 28.284 0l128.662 128.662c12.6 12.599 3.676 34.142-14.142 34.142z\"><\/path><\/svg><\/span>\n\t\t\t\t\t\t\t\t\t\t\t\t\t<\/span>\n\t\t\t\t\t\t\t\t\t\t\t\t<a class=\"elementor-toggle-title\" tabindex=\"0\">Links zu Dritten und Verwendung Ihrer Informationen<\/a>\n\t\t\t\t\t<\/div>\n\n\t\t\t\t\t<div id=\"elementor-tab-content-2529\" class=\"elementor-tab-content elementor-clearfix\" data-tab=\"9\" role=\"region\" aria-labelledby=\"elementor-tab-title-2529\"><p>Unser Service kann Links zu anderen Websites enthalten, die nicht von uns betrieben werden. Diese Datenschutzrichtlinie befasst sich nicht mit den Datenschutzrichtlinien und anderen Praktiken Dritter, einschlie\u00dflich Dritter, die eine Website oder einen Dienst betreiben, der \u00fcber einen Link in unserem Service zug\u00e4nglich ist. Wir empfehlen Ihnen dringend, die Datenschutzrichtlinien jeder Website, die Sie besuchen, zu lesen. Wir haben keine Kontrolle \u00fcber die Inhalte, Datenschutzrichtlinien oder Praktiken von Websites oder Diensten Dritter und \u00fcbernehmen keine Verantwortung f\u00fcr diese.   <\/p>\n<\/div>\n\t\t\t\t<\/div>\n\t\t\t\t\t\t\t<div class=\"elementor-toggle-item\">\n\t\t\t\t\t<div id=\"elementor-tab-title-25210\" class=\"elementor-tab-title\" data-tab=\"10\" role=\"button\" aria-controls=\"elementor-tab-content-25210\" aria-expanded=\"false\">\n\t\t\t\t\t\t\t\t\t\t\t\t<span class=\"elementor-toggle-icon elementor-toggle-icon-right\" aria-hidden=\"true\">\n\t\t\t\t\t\t\t\t\t\t\t\t\t\t\t<span class=\"elementor-toggle-icon-closed\"><svg class=\"e-font-icon-svg e-fas-caret-down\" viewBox=\"0 0 320 512\" xmlns=\"http:\/\/www.w3.org\/2000\/svg\"><path d=\"M31.3 192h257.3c17.8 0 26.7 21.5 14.1 34.1L174.1 354.8c-7.8 7.8-20.5 7.8-28.3 0L17.2 226.1C4.6 213.5 13.5 192 31.3 192z\"><\/path><\/svg><\/span>\n\t\t\t\t\t\t\t\t<span class=\"elementor-toggle-icon-opened\"><svg class=\"elementor-toggle-icon-opened e-font-icon-svg e-fas-caret-up\" viewBox=\"0 0 320 512\" xmlns=\"http:\/\/www.w3.org\/2000\/svg\"><path d=\"M288.662 352H31.338c-17.818 0-26.741-21.543-14.142-34.142l128.662-128.662c7.81-7.81 20.474-7.81 28.284 0l128.662 128.662c12.6 12.599 3.676 34.142-14.142 34.142z\"><\/path><\/svg><\/span>\n\t\t\t\t\t\t\t\t\t\t\t\t\t<\/span>\n\t\t\t\t\t\t\t\t\t\t\t\t<a class=\"elementor-toggle-title\" tabindex=\"0\">Beauftragter f\u00fcr Beschwerden\/Datenschutz<\/a>\n\t\t\t\t\t<\/div>\n\n\t\t\t\t\t<div id=\"elementor-tab-content-25210\" class=\"elementor-tab-content elementor-clearfix\" data-tab=\"10\" role=\"region\" aria-labelledby=\"elementor-tab-title-25210\"><p>Wenn Sie Fragen oder Bedenken bez\u00fcglich der Verarbeitung Ihrer uns zur Verf\u00fcgung stehenden Daten haben, k\u00f6nnen Sie eine E-Mail an unseren Beschwerdebeauftragten bei Alternativa Lifestyle Ltd, mit Sitz in S3, R\u00e9sidence Pierre Bleue 90506, Flic En Flac, Ile Maurice senden. Wir werden Ihre Bedenken in \u00dcbereinstimmung mit der geltenden Gesetzgebung beantworten. <\/p>\n<\/div>\n\t\t\t\t<\/div>\n\t\t\t\t\t\t\t\t<\/div>\n\t\t\t\t\t\t<\/div>\n\t\t\t\t\t<\/div>\n\t\t\t\t<\/div>\n\t\t\t\t<\/div>\n\t\t","protected":false},"excerpt":{"rendered":"<p>Datenschutzerkl\u00e4rung Datenschutzerkl\u00e4rung Diese Datenschutzerkl\u00e4rung beschreibt die Richtlinien von Alternativa Lifestyle Ltd. mit Sitz in S3, R\u00e9sidence Pierre Bleue 90506, Flic En Flac, Ile Maurice bez\u00fcglich der Erfassung, Verwendung und Offenlegung Ihrer Daten, die wir bei der Nutzung unserer Website (https:\/\/alt-lifestyle.fr) erfassen. (der &#8220;Dienst&#8221;). Indem Sie auf den Service zugreifen oder ihn nutzen, erkl\u00e4ren Sie sich [&hellip;]<\/p>\n","protected":false},"author":1,"featured_media":0,"parent":0,"menu_order":0,"comment_status":"closed","ping_status":"closed","template":"","meta":{"_acf_changed":false,"footnotes":""},"class_list":["post-1163691","page","type-page","status-publish","hentry"],"acf":[],"_links":{"self":[{"href":"https:\/\/alt-lifestyle.fr\/de\/wp-json\/wp\/v2\/pages\/1163691","targetHints":{"allow":["GET"]}}],"collection":[{"href":"https:\/\/alt-lifestyle.fr\/de\/wp-json\/wp\/v2\/pages"}],"about":[{"href":"https:\/\/alt-lifestyle.fr\/de\/wp-json\/wp\/v2\/types\/page"}],"author":[{"embeddable":true,"href":"https:\/\/alt-lifestyle.fr\/de\/wp-json\/wp\/v2\/users\/1"}],"replies":[{"embeddable":true,"href":"https:\/\/alt-lifestyle.fr\/de\/wp-json\/wp\/v2\/comments?post=1163691"}],"version-history":[{"count":1,"href":"https:\/\/alt-lifestyle.fr\/de\/wp-json\/wp\/v2\/pages\/1163691\/revisions"}],"predecessor-version":[{"id":1163692,"href":"https:\/\/alt-lifestyle.fr\/de\/wp-json\/wp\/v2\/pages\/1163691\/revisions\/1163692"}],"wp:attachment":[{"href":"https:\/\/alt-lifestyle.fr\/de\/wp-json\/wp\/v2\/media?parent=1163691"}],"curies":[{"name":"wp","href":"https:\/\/api.w.org\/{rel}","templated":true}]}}